{"id":10,"date":"2019-06-06T20:02:13","date_gmt":"2019-06-06T18:02:13","guid":{"rendered":"https:\/\/www.ities.cz\/?page_id=10"},"modified":"2023-05-15T10:24:38","modified_gmt":"2023-05-15T08:24:38","slug":"homepage","status":"publish","type":"page","link":"https:\/\/www.ities.cz\/","title":{"rendered":"homepage"},"content":{"rendered":"\n\t\t\t\t<a href=\"#ities\" target=\"_self\" itemprop=\"url\" rel=\"noopener noreferrer\">\n\t\t\t\t<img loading=\"lazy\" src=\"https:\/\/www.ities.cz\/wp-content\/uploads\/2023\/05\/Logo-ities-rgb-color-prostor-1024x383.png\" alt=\"Logo-ities-rgb-color-prostor\" itemprop=\"image\" height=\"383\" width=\"1024\" title=\"Logo-ities-rgb-color-prostor\" onerror=\"this.style.display='none'\"  \/>\n\t\t\t\t<\/a>\n\t<h1>ities &#8211; propojujeme hlavou<\/h1>\n<p>Jsme po\u010d\u00edta\u010dov\u00e1 firma pro 21. stolet\u00ed. D\u00edky mnoha let\u016fm zku\u0161enost\u00ed m\u016f\u017eeme na\u0161im z\u00e1kazn\u00edk\u016fm nab\u00eddnout slu\u017eby a produkty, kter\u00e9 maj\u00ed smysl a budoucnost. Chceme, abyste se na\u0161\u00edm prost\u0159ednictv\u00edm mohli spolehnout na prost\u0159edky informa\u010dn\u00edch technologi\u00ed, kter\u00e9 jsou pro va\u0161i organizaci kl\u00ed\u010dov\u00e9. V t\u00e9to komplexn\u00ed oblasti se pova\u017eujeme za odborn\u00edky a r\u00e1di v\u00e1s o sv\u00e9 profesionalit\u011b p\u0159esv\u011bd\u010d\u00edme.<\/p>\n\t\t\t<a href=\"#nase-sluzby\" target=\"_self\" role=\"button\" rel=\"noopener noreferrer\">\n\t\t\t\t\t\t\tCo tedy nab\u00edz\u00edme?\n\t\t\t\t\t<\/a>\n\t<h1>Na\u0161e slu\u017eby<\/h1>\n<p>Um\u00edme, zajist\u00edme, nastav\u00edme, oprav\u00edme, dod\u00e1me mimo jin\u00e9:<\/p>\n<h3>\n\t\tPo\u010d\u00edta\u010dov\u00e9 s\u00edt\u011b\n\t<\/h3>\n\tZanalyzujeme sou\u010dasn\u00fd stav a upozorn\u00edme na existuj\u00edc\u00ed \u010di potenci\u00e1ln\u00ed probl\u00e9my.<br \/>\nNavrhneme lep\u0161\u00ed \u0159e\u0161en\u00ed s\u00ed\u0165ov\u00e9 infrastruktury.<br \/>\nPostar\u00e1me se o spr\u00e1vu a \u00fadr\u017ebu ve\u0161ker\u00fdch IT za\u0159\u00edzen\u00ed &#8211; od sd\u00edlen\u00ed tisk\u00e1ren p\u0159es automatick\u00e9 centr\u00e1ln\u00ed z\u00e1lohov\u00e1n\u00ed a\u017e po bezpe\u010dnost.<br \/>\nPomal\u00e1 wifi, zasekl\u00fd pap\u00edr v tisk\u00e1rn\u011b, p\u0159ipojen\u00ed k EET, pr\u00e1ce z domova &#8211; to v\u0161e je na\u0161e parketa!\n<h3>\n\t\tServery\n\t<\/h3>\n\t<p>Servery jsou obvykle srdci firemn\u00ed IT infrastruktury.<\/p>\n<p>Na\u0161\u00ed dom\u00e9nou jsou servery b\u011b\u017e\u00edc\u00ed na opera\u010dn\u00edm syst\u00e9mu <strong>MS Windows.<\/strong> Navrhneme, kolik server\u016f pot\u0159ebuje va\u0161e organizace, jak\u00e9 maj\u00ed m\u00edt parametry a kdo k nim m\u00e1 m\u00edt jak\u00e1 p\u0159\u00edstupov\u00e1 pr\u00e1va. Po dohod\u011b tato za\u0159\u00edzen\u00ed nakoup\u00edme, nainstalujeme, nastav\u00edme a i do budoucna zajist\u00edme jejich <strong>bezprobl\u00e9mov\u00fd chod.<\/strong><\/p>\n<p>V p\u0159\u00edpad\u011b nutnosti p\u0159echodu na nov\u00fd server v\u00e1m ten p\u016fvodn\u00ed zmigrujeme na nov\u00fd, p\u0159i\u010dem\u017e mezi jejich nasazen\u00edm zajist\u00edme <strong>hladk\u00fd p\u0159echod,<\/strong> aby byl tento proces pro celou va\u0161\u00ed firmu bezbolestn\u00fd a nedo\u0161lo v jej\u00edm fungov\u00e1n\u00edm ke zbyte\u010dn\u00fdm v\u00fdpadk\u016fm.<\/p>\n<h3>\n\t\tCloud\n\t<\/h3>\n\t<p>Cloudov\u00e1 \u0159e\u0161en\u00ed jsou pr\u00e1vem v m\u00f3d\u011b, proto\u017ee p\u0159in\u00e1\u0161ej\u00ed celou \u0159adu <strong>v\u00fdhod.<\/strong> \u00dalo\u017ei\u0161t\u011b je fyzicky mimo va\u0161e prostory, data jsou tak <strong>chr\u00e1n\u011bna<\/strong> i pokud va\u0161e firma utrp\u00ed devastuj\u00edc\u00ed pohromu (z\u00e1plava, z\u00e1topa, vyho\u0159en\u00ed, vykraden\u00ed&#8230;)<\/p>\n<p>Pokud pot\u0159ebujete bezpe\u010dn\u011b z\u00e1lohovat, p\u0159istupovat ke sv\u00fdm dat\u016fm odkudkoliv a m\u00edt v\u0161e synchronizovan\u00e9, <strong>jsme tu pro v\u00e1s!<\/strong><\/p>\n<p>A zvl\u00e1dneme i pokro\u010dilej\u0161\u00ed cloudov\u00e9 slu\u017eby, jako je instalace a konfigurace <strong>VPS<\/strong> (virtual private server), <strong>mailov\u00fdch server\u016f,<\/strong> <strong>webov\u00fdch hosting\u016f<\/strong> \u010di nasazen\u00ed <strong>jednotn\u00e9ho pracovn\u00edho prost\u0159ed\u00ed.<\/strong><\/p>\n<h3>\n\t\tZabezpe\u010den\u00ed\n\t<\/h3>\n\t<p>Va\u0161e IT za\u0159\u00edzen\u00ed <strong>zabezpe\u010d\u00edme proti vir\u016fm a hacker\u016fm,<\/strong> to je samoz\u0159ejmost. V oblasti bezpe\u010dnosti v\u0161ak um\u00edme v\u00edce:<\/p>\n<p>Projektujeme dohledov\u00e9 <strong>kamerov\u00e9 syst\u00e9my,<\/strong> kter\u00e9 um\u00edme vlastn\u00edmi silami i rychle nasadit. Vybereme vhodn\u00e9 produkty, provedeme jejich <strong>mont\u00e1\u017e, odzkou\u0161\u00edme a odlad\u00edme.<\/strong> Ka\u017ed\u00e1 firma m\u00e1 jin\u00e9 po\u017eadavky, \u010deho\u017e si jsme v\u011bdomi a proto se sna\u017e\u00edme se z\u00e1kazn\u00edkem domluvit kamerov\u00fd syst\u00e9m na m\u00edru.<\/p>\n<p>Ve spolupr\u00e1ci se specialisty v\u00e1m doporu\u010d\u00edme vhodn\u00fd <strong>elektronick\u00fd zabezpe\u010dovac\u00ed syst\u00e9m<\/strong> s napojen\u00edm na poplachov\u00fd <strong>pult.<\/strong> O spr\u00e1vu a \u00fadr\u017ebu t\u011bchto syst\u00e9m\u016f se n\u00e1sledn\u011b postar\u00e1me sami, v\u010detn\u011b komunikace s bezpe\u010dnostn\u00edmi firmami t\u0159et\u00edch stran.<\/p>\n<h3>\n\t\tDod\u00e1vky HW a SW\n\t<\/h3>\n\t<p>M\u00e1me vybran\u00e9 <strong>spolehliv\u00e9 dodavatele<\/strong> jak hardwaru, tak softwaru. Po\u0159\u00edzen\u00ed nov\u00fdch za\u0159\u00edzen\u00ed je tak pro v\u00e1s zcela bezpracn\u00e9. V\u0161e nakoup\u00edme, zkontrolujeme, dovezeme nainstalujeme a nastav\u00edme dle va\u0161ich pot\u0159eb.<\/p>\n<p>To se t\u00fdk\u00e1 nejen tisk\u00e1ren a s\u00ed\u0165ov\u00fdch prvk\u016f, ale i my\u0161\u00ed, kl\u00e1vesnic, vr\u00e1tn\u00fdch (doch\u00e1zkov\u00fdch) syst\u00e9m\u016f, telefon\u016f (i VOIP), z\u00e1lo\u017en\u00edch zdroj\u016f energie (v\u010detn\u011b p\u0159ep\u011b\u0165ov\u00e9 ochrany).<\/p>\n<p>Stejn\u011b jako u jin\u00fdch na\u0161ich slu\u017eeb, zaji\u0161\u0165ujeme k t\u011bmto produkt\u016fm <strong>kompletn\u00ed servis<\/strong> &#8211; anal\u00fdza z\u00e1vady, reklamace, pravideln\u00e1 kontrola spr\u00e1vn\u00e9 funk\u010dnosti atd.<\/p>\n<h3>\n\t\t\u0160kolen\u00ed a konzultace\n\t<\/h3>\n\t<p>Ke v\u0161emu, co d\u011bl\u00e1me, jsme schopni a <strong>velice ochotni<\/strong> uspo\u0159\u00e1dat \u0161kolen\u00ed a vyrobit <strong>n\u00e1vody<\/strong> a <strong>manu\u00e1ly na m\u00edru<\/strong> (v\u010detn\u011b <strong>anglick\u00fdch<\/strong> verz\u00ed). Nenech\u00e1me v\u00e1s t\u00e1pat a zdr\u017eovat od pr\u00e1ce jen proto, \u017ee jsme pro v\u00e1s vybrali nov\u00e9, ale lep\u0161\u00ed \u0159e\u0161en\u00ed.<\/p>\n<p>B\u011b\u017en\u011b \u0161kol\u00edme tak\u00e9 <strong>MS Office<\/strong> a <strong>Google Suite,<\/strong> pom\u016f\u017eeme v\u0161ak i s u\u017eivatelsk\u00fdm pochopen\u00edm jin\u00fdch syst\u00e9m\u016f.<\/p>\n<p>S n\u00e1mi snadno <strong>posunete sv\u00e9 znalosti a zefektivn\u00edte syst\u00e9m pr\u00e1ce.<\/strong><\/p>\n\t\t\t<a href=\"#cokoliv\" target=\"_self\" role=\"button\" rel=\"noopener noreferrer\">\n\t\t\t\t\t\t\tPro\u010d pr\u00e1v\u011b my?\n\t\t\t\t\t<\/a>\n\t<h2>Pro\u010d si vybrat zrovna n\u00e1s?<\/h2>\n<p>Pokud st\u00e1le v\u00e1h\u00e1te, pod\u00edvejte se, jak\u00e9 v\u00fdhody v\u00e1m spolupr\u00e1ce s n\u00e1mi p\u0159inese.<\/p>\n\t\t\t<a href=\"#kontakty\" target=\"_self\" role=\"button\" rel=\"noopener noreferrer\">\n\t\t\t\t\t\t\tPokra\u010dujte na kontakty\n\t\t\t\t\t<\/a>\n\t<h2>Kontakty a faktura\u010dn\u00ed \u00fadaje<\/h2>\nities s.r.o.<br \/>\nI\u010c: 06278736<br \/>\nDI\u010c: CZ06278736<br \/>\nPalack\u00e9ho 541, 252 29 Dob\u0159ichovice<br \/>\njednatel Petr Svejkovsk\u00fd<br \/>\n<a href=\"tel:+420\u00a0703 144 320\">Telefon +420\u00a0703 144 320<\/a><br \/>\n<a href=\"mailto:info@ities.cz\"> info@ities.cz<\/a>\n\t\t\t<a href=\"#top\" target=\"_self\" role=\"button\" rel=\"noopener noreferrer\">\n\t\t\t\t\t\t\tZp\u011bt nahoru\n\t\t\t\t\t<\/a>\n","protected":false},"excerpt":{"rendered":"<p>ities &#8211; propojujeme hlavou Jsme po\u010d\u00edta\u010dov\u00e1 firma pro 21. stolet\u00ed. D\u00edky mnoha let\u016fm zku\u0161enost\u00ed m\u016f\u017eeme na\u0161im z\u00e1kazn\u00edk\u016fm nab\u00eddnout slu\u017eby a produkty, kter\u00e9 maj\u00ed smysl a budoucnost. Chceme, abyste se na\u0161\u00edm prost\u0159ednictv\u00edm mohli spolehnout na prost\u0159edky informa\u010dn\u00edch technologi\u00ed, kter\u00e9 jsou pro va\u0161i organizaci kl\u00ed\u010dov\u00e9. V t\u00e9to komplexn\u00ed oblasti se pova\u017eujeme za odborn\u00edky a r\u00e1di v\u00e1s o&hellip;<\/p>\n","protected":false},"author":2,"featured_media":0,"parent":0,"menu_order":0,"comment_status":"closed","ping_status":"closed","template":"tpl-no-header-footer.php","meta":[],"_links":{"self":[{"href":"https:\/\/www.ities.cz\/index.php?rest_route=\/wp\/v2\/pages\/10"}],"collection":[{"href":"https:\/\/www.ities.cz\/index.php?rest_route=\/wp\/v2\/pages"}],"about":[{"href":"https:\/\/www.ities.cz\/index.php?rest_route=\/wp\/v2\/types\/page"}],"author":[{"embeddable":true,"href":"https:\/\/www.ities.cz\/index.php?rest_route=\/wp\/v2\/users\/2"}],"replies":[{"embeddable":true,"href":"https:\/\/www.ities.cz\/index.php?rest_route=%2Fwp%2Fv2%2Fcomments&post=10"}],"version-history":[{"count":57,"href":"https:\/\/www.ities.cz\/index.php?rest_route=\/wp\/v2\/pages\/10\/revisions"}],"predecessor-version":[{"id":175,"href":"https:\/\/www.ities.cz\/index.php?rest_route=\/wp\/v2\/pages\/10\/revisions\/175"}],"wp:attachment":[{"href":"https:\/\/www.ities.cz\/index.php?rest_route=%2Fwp%2Fv2%2Fmedia&parent=10"}],"curies":[{"name":"wp","href":"https:\/\/api.w.org\/{rel}","templated":true}]}}